{"id":10676,"date":"2023-03-07T08:26:55","date_gmt":"2023-03-07T07:26:55","guid":{"rendered":"https:\/\/trullo-puglia.com\/?page_id=10676"},"modified":"2025-04-07T16:20:36","modified_gmt":"2025-04-07T14:20:36","slug":"casa-stella-di-ostuni-townhouse-adriatic-view","status":"publish","type":"page","link":"https:\/\/trullo-puglia.com\/en\/casa-stella-di-ostuni-townhouse-adriatic-view\/","title":{"rendered":"Casa Stella di Ostuni"},"content":{"rendered":"\t\t<div data-elementor-type=\"wp-page\" data-elementor-id=\"10676\" class=\"elementor elementor-10676 elementor-10675\" data-elementor-post-type=\"page\">\n\t\t\t\t\t\t<section class=\"elementor-section elementor-top-section elementor-element elementor-element-2329a714 elementor-section-boxed elementor-section-height-default elementor-section-height-default\" data-id=\"2329a714\" data-element_type=\"section\" data-e-type=\"section\">\n\t\t\t\t\t\t<div class=\"elementor-container elementor-column-gap-default\">\n\t\t\t\t\t<div class=\"elementor-column elementor-col-100 elementor-top-column elementor-element elementor-element-2f1c1187\" data-id=\"2f1c1187\" data-element_type=\"column\" data-e-type=\"column\">\n\t\t\t<div class=\"elementor-widget-wrap elementor-element-populated\">\n\t\t\t\t\t\t<div class=\"elementor-element elementor-element-86f420d elementor-widget elementor-widget-slider_revolution\" data-id=\"86f420d\" data-element_type=\"widget\" data-e-type=\"widget\" data-widget_type=\"slider_revolution.default\">\n\t\t\t\t<div class=\"elementor-widget-container\">\n\t\t\t\t\t\n\t\t<div class=\"wp-block-themepunch-revslider\">\n\t\t\t<!-- START ostunipre REVOLUTION SLIDER 6.7.38 --><p class=\"rs-p-wp-fix\"><\/p>\n\t\t\t<rs-module-wrap id=\"rev_slider_23_1_wrapper\" data-source=\"gallery\" style=\"visibility:hidden;background:transparent;padding:0;margin:0px auto;margin-top:0;margin-bottom:0;\">\n\t\t\t\t<rs-module id=\"rev_slider_23_1\" style=\"\" data-version=\"6.7.38\">\n\t\t\t\t\t<rs-slides style=\"overflow: hidden; position: absolute;\">\n\t\t\t\t\t\t<rs-slide style=\"position: absolute;\" data-key=\"rs-60\" data-title=\"Slide\" data-anim=\"adpr:false;ms:500ms;\" data-in=\"o:0;e:power2.out;\" data-out=\"a:false;\">\n\t\t\t\t\t\t\t<img fetchpriority=\"high\" decoding=\"async\" src=\"\/\/trullo-puglia.com\/dev-trullo\/wp-content\/plugins\/revslider\/sr6\/assets\/assets\/dummy.png\" alt=\"Ferienwohnung in Ostuni, Apulien, mit Terrasse.\" title=\"Gem\u00fctliche Ferienwohnung mit Terrasse in Ostuni, Apulien.\" width=\"2004\" height=\"960\" class=\"rev-slidebg tp-rs-img rs-lazyload\" data-lazyload=\"\/\/trullo-puglia.com\/dev-trullo\/wp-content\/uploads\/2025\/04\/ferienwohnung-ostuni-terrasse-apulien-urlaub-mieten.webp\" data-bg=\"p:center top;\" data-parallax=\"7\" data-no-retina>\n<!---->\t\t\t\t\t<\/rs-slide>\n\t\t\t\t\t<\/rs-slides>\n\t\t\t\t\t<rs-static-layers><!--\n\t\t\t\t\t--><\/rs-static-layers>\n\t\t\t\t<\/rs-module>\n\t\t\t\t<script>\n\t\t\t\t\tsetREVStartSize({c: 'rev_slider_23_1',rl:[1240,1024,778,480],el:[922,593,600,600],gw:[1920,1366,778,480],gh:[922,593,600,400],type:'standard',justify:'',layout:'fullwidth',mh:\"0\"});if (window.RS_MODULES!==undefined && window.RS_MODULES.modules!==undefined && window.RS_MODULES.modules[\"revslider231\"]!==undefined) {window.RS_MODULES.modules[\"revslider231\"].once = false;window.revapi23 = undefined;if (window.RS_MODULES.checkMinimal!==undefined) window.RS_MODULES.checkMinimal()}\n\t\t\t\t<\/script>\n\t\t\t<\/rs-module-wrap>\n\t\t\t<!-- END REVOLUTION SLIDER -->\n<\/div>\n\n\t\t\t\t\t\t<\/div>\n\t\t\t\t<\/div>\n\t\t\t\t\t<\/div>\n\t\t<\/div>\n\t\t\t\t\t<\/div>\n\t\t<\/section>\n\t\t\t\t<section class=\"elementor-section elementor-top-section elementor-element elementor-element-e28cc9f elementor-section-boxed elementor-section-height-default elementor-section-height-default elementor-invisible\" data-id=\"e28cc9f\" data-element_type=\"section\" data-e-type=\"section\" data-settings=\"{&quot;animation&quot;:&quot;slideInUp&quot;}\">\n\t\t\t\t\t\t<div class=\"elementor-container elementor-column-gap-no\">\n\t\t\t\t\t<div class=\"elementor-column elementor-col-100 elementor-top-column elementor-element elementor-element-26b265a5\" data-id=\"26b265a5\" data-element_type=\"column\" data-e-type=\"column\">\n\t\t\t<div class=\"elementor-widget-wrap elementor-element-populated\">\n\t\t\t\t\t\t<div class=\"elementor-element elementor-element-78dc7a8b gdp-headline elementor-widget elementor-widget-heading\" data-id=\"78dc7a8b\" data-element_type=\"widget\" data-e-type=\"widget\" data-widget_type=\"heading.default\">\n\t\t\t\t<div class=\"elementor-widget-container\">\n\t\t\t\t\t<h2 class=\"elementor-heading-title elementor-size-default\">Casa stella di Ostuni<\/h2>\t\t\t\t<\/div>\n\t\t\t\t<\/div>\n\t\t\t\t<div class=\"elementor-element elementor-element-6b099438 trullo-subline elementor-widget elementor-widget-heading\" data-id=\"6b099438\" data-element_type=\"widget\" data-e-type=\"widget\" data-widget_type=\"heading.default\">\n\t\t\t\t<div class=\"elementor-widget-container\">\n\t\t\t\t\t<h1 class=\"elementor-heading-title elementor-size-default\">Apulisches Hochgef\u00fchl<\/h1>\t\t\t\t<\/div>\n\t\t\t\t<\/div>\n\t\t\t\t<div class=\"elementor-element elementor-element-75c973af body-copy-inside elementor-widget elementor-widget-heading\" data-id=\"75c973af\" data-element_type=\"widget\" data-e-type=\"widget\" data-widget_type=\"heading.default\">\n\t\t\t\t<div class=\"elementor-widget-container\">\n\t\t\t\t\t<h2 class=\"elementor-heading-title elementor-size-default\">Sich fallen zu lassen ist an diesem Ort ein besonders erhabenes Gef\u00fchl. Genie\u00dfen Sie Ihren Urlaub in der Casa Stella di Ostuni, einem wundersch\u00f6nen 90 m<sup>2<\/sup> Haus mit eigenem Eingang und f\u00fcr bis zu 4 Personen. Es befindet sich im centro storico der apulischen Stadt Ostuni, wurde komplett saniert und vereint historische Architektur mit moderner Eleganz sowie charakteristischem, auch antikem Dekor. Auch sind nicht zuletzt die Blicke \u00fcber schier endlos weite Olivenhaine bis hin zur Adria und solche hinauf zum Sternenhimmel wirklich traumhaft. Benvenuti!<\/h2>\t\t\t\t<\/div>\n\t\t\t\t<\/div>\n\t\t\t\t<div class=\"elementor-element elementor-element-7f78cf7 ostuni-link elementor-widget elementor-widget-text-editor\" data-id=\"7f78cf7\" data-element_type=\"widget\" data-e-type=\"widget\" data-widget_type=\"text-editor.default\">\n\t\t\t\t<div class=\"elementor-widget-container\">\n\t\t\t\t\t\t\t\t\t<a href=\"https:\/\/casa-stella-ostuni.com\/\" target=\"_blank\" rel=\"noopener\">www.casa-stella-ostuni.com<\/a>\t\t\t\t\t\t\t\t<\/div>\n\t\t\t\t<\/div>\n\t\t\t\t<div class=\"elementor-element elementor-element-5534be99 elementor-widget-divider--view-line elementor-widget elementor-widget-divider\" data-id=\"5534be99\" data-element_type=\"widget\" data-e-type=\"widget\" data-widget_type=\"divider.default\">\n\t\t\t\t<div class=\"elementor-widget-container\">\n\t\t\t\t\t\t\t<div class=\"elementor-divider\">\n\t\t\t<span class=\"elementor-divider-separator\">\n\t\t\t\t\t\t<\/span>\n\t\t<\/div>\n\t\t\t\t\t\t<\/div>\n\t\t\t\t<\/div>\n\t\t\t\t\t<\/div>\n\t\t<\/div>\n\t\t\t\t\t<\/div>\n\t\t<\/section>\n\t\t\t\t<section class=\"elementor-section elementor-top-section elementor-element elementor-element-21ee5383 elementor-section-boxed elementor-section-height-default elementor-section-height-default elementor-invisible\" data-id=\"21ee5383\" data-element_type=\"section\" data-e-type=\"section\" data-settings=\"{&quot;animation&quot;:&quot;slideInUp&quot;}\">\n\t\t\t\t\t\t<div class=\"elementor-container elementor-column-gap-custom\">\n\t\t\t\t\t<div class=\"elementor-column elementor-col-100 elementor-top-column elementor-element elementor-element-7ccecba\" data-id=\"7ccecba\" data-element_type=\"column\" data-e-type=\"column\">\n\t\t\t<div class=\"elementor-widget-wrap elementor-element-populated\">\n\t\t\t\t\t\t<div class=\"elementor-element elementor-element-4bd148b elementor-widget elementor-widget-image\" data-id=\"4bd148b\" data-element_type=\"widget\" data-e-type=\"widget\" data-widget_type=\"image.default\">\n\t\t\t\t<div class=\"elementor-widget-container\">\n\t\t\t\t\t\t\t\t\t\t\t\t\t\t\t<img decoding=\"async\" width=\"1024\" height=\"551\" src=\"https:\/\/trullo-puglia.com\/dev-trullo\/wp-content\/uploads\/2023\/07\/casa-stella-di-ostuni-trullo2-1-1024x551.jpg\" class=\"attachment-large size-large wp-image-11012\" alt=\"\" srcset=\"https:\/\/trullo-puglia.com\/dev-trullo\/wp-content\/uploads\/2023\/07\/casa-stella-di-ostuni-trullo2-1-1024x551.jpg 1024w, https:\/\/trullo-puglia.com\/dev-trullo\/wp-content\/uploads\/2023\/07\/casa-stella-di-ostuni-trullo2-1-300x162.jpg 300w, https:\/\/trullo-puglia.com\/dev-trullo\/wp-content\/uploads\/2023\/07\/casa-stella-di-ostuni-trullo2-1-768x414.jpg 768w, https:\/\/trullo-puglia.com\/dev-trullo\/wp-content\/uploads\/2023\/07\/casa-stella-di-ostuni-trullo2-1-600x323.jpg 600w, https:\/\/trullo-puglia.com\/dev-trullo\/wp-content\/uploads\/2023\/07\/casa-stella-di-ostuni-trullo2-1.jpg 1300w\" sizes=\"(max-width: 1024px) 100vw, 1024px\" \/>\t\t\t\t\t\t\t\t\t\t\t\t\t\t\t<\/div>\n\t\t\t\t<\/div>\n\t\t\t\t<div class=\"elementor-element elementor-element-d595784 elementor-widget elementor-widget-image\" data-id=\"d595784\" data-element_type=\"widget\" data-e-type=\"widget\" data-widget_type=\"image.default\">\n\t\t\t\t<div class=\"elementor-widget-container\">\n\t\t\t\t\t\t\t\t\t\t\t\t\t\t\t<img decoding=\"async\" width=\"1024\" height=\"551\" src=\"https:\/\/trullo-puglia.com\/dev-trullo\/wp-content\/uploads\/2023\/07\/casa-stella-di-ostuni-trullo-1-1024x551.jpg\" class=\"attachment-large size-large wp-image-11014\" alt=\"\" srcset=\"https:\/\/trullo-puglia.com\/dev-trullo\/wp-content\/uploads\/2023\/07\/casa-stella-di-ostuni-trullo-1-1024x551.jpg 1024w, https:\/\/trullo-puglia.com\/dev-trullo\/wp-content\/uploads\/2023\/07\/casa-stella-di-ostuni-trullo-1-300x162.jpg 300w, https:\/\/trullo-puglia.com\/dev-trullo\/wp-content\/uploads\/2023\/07\/casa-stella-di-ostuni-trullo-1-768x414.jpg 768w, https:\/\/trullo-puglia.com\/dev-trullo\/wp-content\/uploads\/2023\/07\/casa-stella-di-ostuni-trullo-1-600x323.jpg 600w, https:\/\/trullo-puglia.com\/dev-trullo\/wp-content\/uploads\/2023\/07\/casa-stella-di-ostuni-trullo-1.jpg 1300w\" sizes=\"(max-width: 1024px) 100vw, 1024px\" \/>\t\t\t\t\t\t\t\t\t\t\t\t\t\t\t<\/div>\n\t\t\t\t<\/div>\n\t\t\t\t\t<\/div>\n\t\t<\/div>\n\t\t\t\t\t<\/div>\n\t\t<\/section>\n\t\t\t\t<\/div>\n\t\t","protected":false},"excerpt":{"rendered":"<p>Casa stella di Ostuni Apulisches Hochgef\u00fchl Sich fallen zu lassen ist an diesem Ort ein besonders erhabenes Gef\u00fchl. Genie\u00dfen Sie Ihren Urlaub in der Casa Stella di Ostuni, einem wundersch\u00f6nen 90 m2 Haus mit eigenem Eingang und f\u00fcr bis zu 4 Personen. Es befindet sich im centro storico der apulischen Stadt Ostuni, wurde komplett saniert [&hellip;]<\/p>\n","protected":false},"author":1,"featured_media":0,"parent":0,"menu_order":0,"comment_status":"closed","ping_status":"closed","template":"","meta":{"footnotes":""},"class_list":["post-10676","page","type-page","status-publish","hentry"],"yoast_head":"<!-- This site is optimized with the Yoast SEO plugin v27.3 - https:\/\/yoast.com\/product\/yoast-seo-wordpress\/ -->\n<title>Casa Stella di Ostuni - TRULLO GRANO DI PUGLIA<\/title>\n<meta name=\"description\" content=\"Discover Casa Stella di Ostuni: A modern townhouse in the heart of Ostuni with a terrace and sea view. Your retreat in Puglia.\" \/>\n<meta name=\"robots\" content=\"index, follow, max-snippet:-1, max-image-preview:large, max-video-preview:-1\" \/>\n<link rel=\"canonical\" href=\"https:\/\/trullo-puglia.com\/en\/casa-stella-di-ostuni-townhouse-adriatic-view\/\" \/>\n<meta property=\"og:locale\" content=\"en_US\" \/>\n<meta property=\"og:type\" content=\"article\" \/>\n<meta property=\"og:title\" content=\"Casa Stella di Ostuni - TRULLO GRANO DI PUGLIA\" \/>\n<meta property=\"og:description\" content=\"Discover Casa Stella di Ostuni: A modern townhouse in the heart of Ostuni with a terrace and sea view. Your retreat in Puglia.\" \/>\n<meta property=\"og:url\" content=\"https:\/\/trullo-puglia.com\/en\/casa-stella-di-ostuni-townhouse-adriatic-view\/\" \/>\n<meta property=\"og:site_name\" content=\"TRULLO GRANO DI PUGLIA\" \/>\n<meta property=\"article:publisher\" content=\"https:\/\/www.facebook.com\/profile.php?id=100080316464632\" \/>\n<meta property=\"article:modified_time\" content=\"2025-04-07T14:20:36+00:00\" \/>\n<meta property=\"og:image\" content=\"https:\/\/trullo-puglia.com\/dev-trullo\/wp-content\/uploads\/2023\/07\/casa-stella-di-ostuni-trullo2-1-1024x551.jpg\" \/>\n<meta name=\"twitter:card\" content=\"summary_large_image\" \/>\n<meta name=\"twitter:label1\" content=\"Est. reading time\" \/>\n\t<meta name=\"twitter:data1\" content=\"1 minute\" \/>\n<script type=\"application\/ld+json\" class=\"yoast-schema-graph\">{\"@context\":\"https:\\\/\\\/schema.org\",\"@graph\":[{\"@type\":\"WebPage\",\"@id\":\"https:\\\/\\\/trullo-puglia.com\\\/en\\\/casa-stella-di-ostuni-townhouse-adriatic-view\\\/\",\"url\":\"https:\\\/\\\/trullo-puglia.com\\\/en\\\/casa-stella-di-ostuni-townhouse-adriatic-view\\\/\",\"name\":\"Casa Stella di Ostuni - TRULLO GRANO DI PUGLIA\",\"isPartOf\":{\"@id\":\"https:\\\/\\\/trullo-puglia.com\\\/#website\"},\"primaryImageOfPage\":{\"@id\":\"https:\\\/\\\/trullo-puglia.com\\\/en\\\/casa-stella-di-ostuni-townhouse-adriatic-view\\\/#primaryimage\"},\"image\":{\"@id\":\"https:\\\/\\\/trullo-puglia.com\\\/en\\\/casa-stella-di-ostuni-townhouse-adriatic-view\\\/#primaryimage\"},\"thumbnailUrl\":\"https:\\\/\\\/trullo-puglia.com\\\/dev-trullo\\\/wp-content\\\/uploads\\\/2023\\\/07\\\/casa-stella-di-ostuni-trullo2-1-1024x551.jpg\",\"datePublished\":\"2023-03-07T07:26:55+00:00\",\"dateModified\":\"2025-04-07T14:20:36+00:00\",\"description\":\"Discover Casa Stella di Ostuni: A modern townhouse in the heart of Ostuni with a terrace and sea view. Your retreat in Puglia.\",\"breadcrumb\":{\"@id\":\"https:\\\/\\\/trullo-puglia.com\\\/en\\\/casa-stella-di-ostuni-townhouse-adriatic-view\\\/#breadcrumb\"},\"inLanguage\":\"en-US\",\"potentialAction\":[{\"@type\":\"ReadAction\",\"target\":[\"https:\\\/\\\/trullo-puglia.com\\\/en\\\/casa-stella-di-ostuni-townhouse-adriatic-view\\\/\"]}]},{\"@type\":\"ImageObject\",\"inLanguage\":\"en-US\",\"@id\":\"https:\\\/\\\/trullo-puglia.com\\\/en\\\/casa-stella-di-ostuni-townhouse-adriatic-view\\\/#primaryimage\",\"url\":\"https:\\\/\\\/trullo-puglia.com\\\/dev-trullo\\\/wp-content\\\/uploads\\\/2023\\\/07\\\/casa-stella-di-ostuni-trullo2-1-1024x551.jpg\",\"contentUrl\":\"https:\\\/\\\/trullo-puglia.com\\\/dev-trullo\\\/wp-content\\\/uploads\\\/2023\\\/07\\\/casa-stella-di-ostuni-trullo2-1-1024x551.jpg\"},{\"@type\":\"BreadcrumbList\",\"@id\":\"https:\\\/\\\/trullo-puglia.com\\\/en\\\/casa-stella-di-ostuni-townhouse-adriatic-view\\\/#breadcrumb\",\"itemListElement\":[{\"@type\":\"ListItem\",\"position\":1,\"name\":\"Startseite\",\"item\":\"https:\\\/\\\/trullo-puglia.com\\\/en\\\/\"},{\"@type\":\"ListItem\",\"position\":2,\"name\":\"Casa Stella di Ostuni\"}]},{\"@type\":\"WebSite\",\"@id\":\"https:\\\/\\\/trullo-puglia.com\\\/#website\",\"url\":\"https:\\\/\\\/trullo-puglia.com\\\/\",\"name\":\"TRULLO DI PUGLIA\",\"description\":\"Ferienhaus mit Pool in Apulien: Entspannung im Trullo Grano di Puglia.\",\"publisher\":{\"@id\":\"https:\\\/\\\/trullo-puglia.com\\\/#organization\"},\"alternateName\":\"Trullo mieten Apulien | Ihr Ferienhaus in Italien\",\"potentialAction\":[{\"@type\":\"SearchAction\",\"target\":{\"@type\":\"EntryPoint\",\"urlTemplate\":\"https:\\\/\\\/trullo-puglia.com\\\/?s={search_term_string}\"},\"query-input\":{\"@type\":\"PropertyValueSpecification\",\"valueRequired\":true,\"valueName\":\"search_term_string\"}}],\"inLanguage\":\"en-US\"},{\"@type\":\"Organization\",\"@id\":\"https:\\\/\\\/trullo-puglia.com\\\/#organization\",\"name\":\"Trullo Grano di Puglia\",\"alternateName\":\"Trullo Grano di Puglia\",\"url\":\"https:\\\/\\\/trullo-puglia.com\\\/\",\"logo\":{\"@type\":\"ImageObject\",\"inLanguage\":\"en-US\",\"@id\":\"https:\\\/\\\/trullo-puglia.com\\\/#\\\/schema\\\/logo\\\/image\\\/\",\"url\":\"https:\\\/\\\/trullo-puglia.com\\\/dev-trullo\\\/wp-content\\\/uploads\\\/2022\\\/03\\\/trullo-grano-di-puglia-logo.svg\",\"contentUrl\":\"https:\\\/\\\/trullo-puglia.com\\\/dev-trullo\\\/wp-content\\\/uploads\\\/2022\\\/03\\\/trullo-grano-di-puglia-logo.svg\",\"width\":203,\"height\":130,\"caption\":\"Trullo Grano di Puglia\"},\"image\":{\"@id\":\"https:\\\/\\\/trullo-puglia.com\\\/#\\\/schema\\\/logo\\\/image\\\/\"},\"sameAs\":[\"https:\\\/\\\/www.facebook.com\\\/profile.php?id=100080316464632\",\"https:\\\/\\\/www.instagram.com\\\/trullo_grano_di_puglia_\\\/\"]}]}<\/script>\n<!-- \/ Yoast SEO plugin. -->","yoast_head_json":{"title":"Casa Stella di Ostuni - TRULLO GRANO DI PUGLIA","description":"Discover Casa Stella di Ostuni: A modern townhouse in the heart of Ostuni with a terrace and sea view. Your retreat in Puglia.","robots":{"index":"index","follow":"follow","max-snippet":"max-snippet:-1","max-image-preview":"max-image-preview:large","max-video-preview":"max-video-preview:-1"},"canonical":"https:\/\/trullo-puglia.com\/en\/casa-stella-di-ostuni-townhouse-adriatic-view\/","og_locale":"en_US","og_type":"article","og_title":"Casa Stella di Ostuni - TRULLO GRANO DI PUGLIA","og_description":"Discover Casa Stella di Ostuni: A modern townhouse in the heart of Ostuni with a terrace and sea view. Your retreat in Puglia.","og_url":"https:\/\/trullo-puglia.com\/en\/casa-stella-di-ostuni-townhouse-adriatic-view\/","og_site_name":"TRULLO GRANO DI PUGLIA","article_publisher":"https:\/\/www.facebook.com\/profile.php?id=100080316464632","article_modified_time":"2025-04-07T14:20:36+00:00","og_image":[{"url":"https:\/\/trullo-puglia.com\/dev-trullo\/wp-content\/uploads\/2023\/07\/casa-stella-di-ostuni-trullo2-1-1024x551.jpg","type":"","width":"","height":""}],"twitter_card":"summary_large_image","twitter_misc":{"Est. reading time":"1 minute"},"schema":{"@context":"https:\/\/schema.org","@graph":[{"@type":"WebPage","@id":"https:\/\/trullo-puglia.com\/en\/casa-stella-di-ostuni-townhouse-adriatic-view\/","url":"https:\/\/trullo-puglia.com\/en\/casa-stella-di-ostuni-townhouse-adriatic-view\/","name":"Casa Stella di Ostuni - TRULLO GRANO DI PUGLIA","isPartOf":{"@id":"https:\/\/trullo-puglia.com\/#website"},"primaryImageOfPage":{"@id":"https:\/\/trullo-puglia.com\/en\/casa-stella-di-ostuni-townhouse-adriatic-view\/#primaryimage"},"image":{"@id":"https:\/\/trullo-puglia.com\/en\/casa-stella-di-ostuni-townhouse-adriatic-view\/#primaryimage"},"thumbnailUrl":"https:\/\/trullo-puglia.com\/dev-trullo\/wp-content\/uploads\/2023\/07\/casa-stella-di-ostuni-trullo2-1-1024x551.jpg","datePublished":"2023-03-07T07:26:55+00:00","dateModified":"2025-04-07T14:20:36+00:00","description":"Discover Casa Stella di Ostuni: A modern townhouse in the heart of Ostuni with a terrace and sea view. Your retreat in Puglia.","breadcrumb":{"@id":"https:\/\/trullo-puglia.com\/en\/casa-stella-di-ostuni-townhouse-adriatic-view\/#breadcrumb"},"inLanguage":"en-US","potentialAction":[{"@type":"ReadAction","target":["https:\/\/trullo-puglia.com\/en\/casa-stella-di-ostuni-townhouse-adriatic-view\/"]}]},{"@type":"ImageObject","inLanguage":"en-US","@id":"https:\/\/trullo-puglia.com\/en\/casa-stella-di-ostuni-townhouse-adriatic-view\/#primaryimage","url":"https:\/\/trullo-puglia.com\/dev-trullo\/wp-content\/uploads\/2023\/07\/casa-stella-di-ostuni-trullo2-1-1024x551.jpg","contentUrl":"https:\/\/trullo-puglia.com\/dev-trullo\/wp-content\/uploads\/2023\/07\/casa-stella-di-ostuni-trullo2-1-1024x551.jpg"},{"@type":"BreadcrumbList","@id":"https:\/\/trullo-puglia.com\/en\/casa-stella-di-ostuni-townhouse-adriatic-view\/#breadcrumb","itemListElement":[{"@type":"ListItem","position":1,"name":"Startseite","item":"https:\/\/trullo-puglia.com\/en\/"},{"@type":"ListItem","position":2,"name":"Casa Stella di Ostuni"}]},{"@type":"WebSite","@id":"https:\/\/trullo-puglia.com\/#website","url":"https:\/\/trullo-puglia.com\/","name":"TRULLO DI PUGLIA","description":"Ferienhaus mit Pool in Apulien: Entspannung im Trullo Grano di Puglia.","publisher":{"@id":"https:\/\/trullo-puglia.com\/#organization"},"alternateName":"Trullo mieten Apulien | Ihr Ferienhaus in Italien","potentialAction":[{"@type":"SearchAction","target":{"@type":"EntryPoint","urlTemplate":"https:\/\/trullo-puglia.com\/?s={search_term_string}"},"query-input":{"@type":"PropertyValueSpecification","valueRequired":true,"valueName":"search_term_string"}}],"inLanguage":"en-US"},{"@type":"Organization","@id":"https:\/\/trullo-puglia.com\/#organization","name":"Trullo Grano di Puglia","alternateName":"Trullo Grano di Puglia","url":"https:\/\/trullo-puglia.com\/","logo":{"@type":"ImageObject","inLanguage":"en-US","@id":"https:\/\/trullo-puglia.com\/#\/schema\/logo\/image\/","url":"https:\/\/trullo-puglia.com\/dev-trullo\/wp-content\/uploads\/2022\/03\/trullo-grano-di-puglia-logo.svg","contentUrl":"https:\/\/trullo-puglia.com\/dev-trullo\/wp-content\/uploads\/2022\/03\/trullo-grano-di-puglia-logo.svg","width":203,"height":130,"caption":"Trullo Grano di Puglia"},"image":{"@id":"https:\/\/trullo-puglia.com\/#\/schema\/logo\/image\/"},"sameAs":["https:\/\/www.facebook.com\/profile.php?id=100080316464632","https:\/\/www.instagram.com\/trullo_grano_di_puglia_\/"]}]}},"_links":{"self":[{"href":"https:\/\/trullo-puglia.com\/en\/wp-json\/wp\/v2\/pages\/10676","targetHints":{"allow":["GET"]}}],"collection":[{"href":"https:\/\/trullo-puglia.com\/en\/wp-json\/wp\/v2\/pages"}],"about":[{"href":"https:\/\/trullo-puglia.com\/en\/wp-json\/wp\/v2\/types\/page"}],"author":[{"embeddable":true,"href":"https:\/\/trullo-puglia.com\/en\/wp-json\/wp\/v2\/users\/1"}],"replies":[{"embeddable":true,"href":"https:\/\/trullo-puglia.com\/en\/wp-json\/wp\/v2\/comments?post=10676"}],"version-history":[{"count":9,"href":"https:\/\/trullo-puglia.com\/en\/wp-json\/wp\/v2\/pages\/10676\/revisions"}],"predecessor-version":[{"id":11017,"href":"https:\/\/trullo-puglia.com\/en\/wp-json\/wp\/v2\/pages\/10676\/revisions\/11017"}],"wp:attachment":[{"href":"https:\/\/trullo-puglia.com\/en\/wp-json\/wp\/v2\/media?parent=10676"}],"curies":[{"name":"wp","href":"https:\/\/api.w.org\/{rel}","templated":true}]}}